{"id":10077,"date":"2021-02-11T10:52:46","date_gmt":"2021-02-11T15:52:46","guid":{"rendered":"https:\/\/www.promacons.com\/?post_type=product&#038;p=10077"},"modified":"2023-07-12T08:50:43","modified_gmt":"2023-07-12T13:50:43","slug":"teja-pvc","status":"publish","type":"product","link":"https:\/\/www.promacons.com\/index.php\/producto\/teja-pvc\/","title":{"rendered":"TEJA PVC"},"content":{"rendered":"<p><img loading=\"lazy\" decoding=\"async\" class=\"alignnone size-full wp-image-10087\" src=\"https:\/\/www.promacons.com\/wp-content\/uploads\/2021\/02\/PVC1-01-scaled.jpg\" alt=\"\" width=\"2560\" height=\"1810\" srcset=\"https:\/\/www.promacons.com\/wp-content\/uploads\/2021\/02\/PVC1-01-scaled.jpg 2560w, https:\/\/www.promacons.com\/wp-content\/uploads\/2021\/02\/PVC1-01-300x212.jpg 300w, https:\/\/www.promacons.com\/wp-content\/uploads\/2021\/02\/PVC1-01-1024x724.jpg 1024w, https:\/\/www.promacons.com\/wp-content\/uploads\/2021\/02\/PVC1-01-768x543.jpg 768w, https:\/\/www.promacons.com\/wp-content\/uploads\/2021\/02\/PVC1-01-1536x1086.jpg 1536w, https:\/\/www.promacons.com\/wp-content\/uploads\/2021\/02\/PVC1-01-2048x1448.jpg 2048w, https:\/\/www.promacons.com\/wp-content\/uploads\/2021\/02\/PVC1-01-600x424.jpg 600w\" sizes=\"auto, (max-width: 2560px) 100vw, 2560px\" \/><\/p>\n<p><img loading=\"lazy\" decoding=\"async\" class=\"alignnone size-full wp-image-10089\" src=\"https:\/\/www.promacons.com\/wp-content\/uploads\/2021\/02\/PVC2-02.jpg\" alt=\"\" width=\"2482\" height=\"1754\" srcset=\"https:\/\/www.promacons.com\/wp-content\/uploads\/2021\/02\/PVC2-02.jpg 2482w, https:\/\/www.promacons.com\/wp-content\/uploads\/2021\/02\/PVC2-02-300x212.jpg 300w, https:\/\/www.promacons.com\/wp-content\/uploads\/2021\/02\/PVC2-02-1024x724.jpg 1024w, https:\/\/www.promacons.com\/wp-content\/uploads\/2021\/02\/PVC2-02-768x543.jpg 768w, https:\/\/www.promacons.com\/wp-content\/uploads\/2021\/02\/PVC2-02-1536x1085.jpg 1536w, https:\/\/www.promacons.com\/wp-content\/uploads\/2021\/02\/PVC2-02-2048x1447.jpg 2048w, https:\/\/www.promacons.com\/wp-content\/uploads\/2021\/02\/PVC2-02-600x424.jpg 600w\" sizes=\"auto, (max-width: 2482px) 100vw, 2482px\" \/><\/p>\n<p><img loading=\"lazy\" decoding=\"async\" class=\"alignnone size-full wp-image-10090\" src=\"https:\/\/www.promacons.com\/wp-content\/uploads\/2021\/02\/PVC3-03-scaled.jpg\" alt=\"\" width=\"2560\" height=\"1811\" srcset=\"https:\/\/www.promacons.com\/wp-content\/uploads\/2021\/02\/PVC3-03-scaled.jpg 2560w, https:\/\/www.promacons.com\/wp-content\/uploads\/2021\/02\/PVC3-03-300x212.jpg 300w, https:\/\/www.promacons.com\/wp-content\/uploads\/2021\/02\/PVC3-03-1024x724.jpg 1024w, https:\/\/www.promacons.com\/wp-content\/uploads\/2021\/02\/PVC3-03-768x543.jpg 768w, https:\/\/www.promacons.com\/wp-content\/uploads\/2021\/02\/PVC3-03-1536x1086.jpg 1536w, https:\/\/www.promacons.com\/wp-content\/uploads\/2021\/02\/PVC3-03-2048x1449.jpg 2048w, https:\/\/www.promacons.com\/wp-content\/uploads\/2021\/02\/PVC3-03-600x424.jpg 600w\" sizes=\"auto, (max-width: 2560px) 100vw, 2560px\" \/> <img loading=\"lazy\" decoding=\"async\" class=\"alignnone size-full wp-image-10091\" src=\"https:\/\/www.promacons.com\/wp-content\/uploads\/2021\/02\/PVC4-04-scaled.jpg\" alt=\"\" width=\"2560\" height=\"1810\" srcset=\"https:\/\/www.promacons.com\/wp-content\/uploads\/2021\/02\/PVC4-04-scaled.jpg 2560w, https:\/\/www.promacons.com\/wp-content\/uploads\/2021\/02\/PVC4-04-300x212.jpg 300w, https:\/\/www.promacons.com\/wp-content\/uploads\/2021\/02\/PVC4-04-1024x724.jpg 1024w, https:\/\/www.promacons.com\/wp-content\/uploads\/2021\/02\/PVC4-04-768x543.jpg 768w, https:\/\/www.promacons.com\/wp-content\/uploads\/2021\/02\/PVC4-04-1536x1086.jpg 1536w, https:\/\/www.promacons.com\/wp-content\/uploads\/2021\/02\/PVC4-04-2048x1448.jpg 2048w, https:\/\/www.promacons.com\/wp-content\/uploads\/2021\/02\/PVC4-04-600x424.jpg 600w\" sizes=\"auto, (max-width: 2560px) 100vw, 2560px\" \/><\/p>\n","protected":false},"excerpt":{"rendered":"<p>La uniformidad de su geometr\u00eda permite a las tejas una gran resistencia a diferentes productos Qu\u00edmicos, condiciones clim\u00e1ticas y a un gran esfuerzo f\u00edsico, permaneciendo siempre libres de corrosi\u00f3n y con larga vida \u00fatil. Durabilidad de 30 a\u00f1os<\/p>\n","protected":false},"featured_media":10078,"template":"","meta":[],"product_brand":[],"product_cat":[17],"product_tag":[],"class_list":{"0":"post-10077","1":"product","2":"type-product","3":"status-publish","4":"has-post-thumbnail","6":"product_cat-sin-categorizar","8":"first","9":"instock","10":"shipping-taxable","11":"product-type-simple"},"_links":{"self":[{"href":"https:\/\/www.promacons.com\/index.php\/wp-json\/wp\/v2\/product\/10077","targetHints":{"allow":["GET"]}}],"collection":[{"href":"https:\/\/www.promacons.com\/index.php\/wp-json\/wp\/v2\/product"}],"about":[{"href":"https:\/\/www.promacons.com\/index.php\/wp-json\/wp\/v2\/types\/product"}],"wp:featuredmedia":[{"embeddable":true,"href":"https:\/\/www.promacons.com\/index.php\/wp-json\/wp\/v2\/media\/10078"}],"wp:attachment":[{"href":"https:\/\/www.promacons.com\/index.php\/wp-json\/wp\/v2\/media?parent=10077"}],"wp:term":[{"taxonomy":"product_brand","embeddable":true,"href":"https:\/\/www.promacons.com\/index.php\/wp-json\/wp\/v2\/product_brand?post=10077"},{"taxonomy":"product_cat","embeddable":true,"href":"https:\/\/www.promacons.com\/index.php\/wp-json\/wp\/v2\/product_cat?post=10077"},{"taxonomy":"product_tag","embeddable":true,"href":"https:\/\/www.promacons.com\/index.php\/wp-json\/wp\/v2\/product_tag?post=10077"}],"curies":[{"name":"wp","href":"https:\/\/api.w.org\/{rel}","templated":true}]}}