{"id":58,"date":"2020-04-16T21:04:34","date_gmt":"2020-04-17T02:04:34","guid":{"rendered":"https:\/\/promacons.com\/?page_id=58"},"modified":"2023-07-11T10:22:53","modified_gmt":"2023-07-11T15:22:53","slug":"contactenos","status":"publish","type":"page","link":"https:\/\/www.promacons.com\/index.php\/contactenos\/","title":{"rendered":"CONT\u00c1CTENOS"},"content":{"rendered":"\n<div class=\"wp-block-columns is-layout-flex wp-container-core-columns-is-layout-1 wp-block-columns-is-layout-flex\">\n<div class=\"wp-block-column is-layout-flow wp-block-column-is-layout-flow\">\n<h2 class=\"wp-block-heading\">Matriz Sangolqu\u00ed<\/h2>\n\n\n\n<p><strong>Direcci\u00f3n:<\/strong> Av. Atahualpa y Av. Shyris (Junto al Hospital del IESS SANGOLQUI)<\/p>\n\n\n\n<p><strong>Tel\u00e9fonos:<\/strong> 022332319 \/ <a rel=\"noreferrer noopener\" href=\"https:\/\/api.whatsapp.com\/send?phone=593990655882&amp;text=Hola%20Promacons%20-%20Sangolqui%20necesito%E2%80%A6\" target=\"_blank\"><strong>0990655882<\/strong><\/a><\/p>\n\n\n\n<iframe src=\"https:\/\/www.google.com\/maps\/embed?pb=!1m17!1m12!1m3!1d997.4374335900884!2d-78.4428897304844!3d-0.335953658896666!2m3!1f0!2f0!3f0!3m2!1i1024!2i768!4f13.1!3m2!1m1!2zMMKwMjAnMDkuNCJTIDc4wrAyNiczMi4xIlc!5e0!3m2!1ses!2sec!4v1689082843014!5m2!1ses!2sec\" width= 100% height=\"200\" style=\"border:0;\" allowfullscreen=\"\" loading=\"lazy\" referrerpolicy=\"no-referrer-when-downgrade\"><\/iframe>\n<\/div>\n\n\n\n<div class=\"wp-block-column is-layout-flow wp-block-column-is-layout-flow\">\n<h2 class=\"wp-block-heading\"><\/h2>\n\n\n\n<figure class=\"wp-block-image size-large is-style-default\"><img loading=\"lazy\" decoding=\"async\" width=\"1349\" height=\"899\" src=\"https:\/\/www.promacons.com\/wp-content\/uploads\/2023\/07\/WhatsApp-Image-2023-06-22-at-14.50.56-edited.jpeg\" alt=\"PROMASANG\" class=\"wp-image-10177\" srcset=\"https:\/\/www.promacons.com\/wp-content\/uploads\/2023\/07\/WhatsApp-Image-2023-06-22-at-14.50.56-edited.jpeg 1349w, https:\/\/www.promacons.com\/wp-content\/uploads\/2023\/07\/WhatsApp-Image-2023-06-22-at-14.50.56-edited-300x200.jpeg 300w, https:\/\/www.promacons.com\/wp-content\/uploads\/2023\/07\/WhatsApp-Image-2023-06-22-at-14.50.56-edited-1024x682.jpeg 1024w, https:\/\/www.promacons.com\/wp-content\/uploads\/2023\/07\/WhatsApp-Image-2023-06-22-at-14.50.56-edited-768x512.jpeg 768w, https:\/\/www.promacons.com\/wp-content\/uploads\/2023\/07\/WhatsApp-Image-2023-06-22-at-14.50.56-edited-600x400.jpeg 600w\" sizes=\"auto, (max-width: 1349px) 100vw, 1349px\" \/><\/figure>\n<\/div>\n<\/div>\n\n\n\n<div class=\"wp-block-columns is-layout-flex wp-container-core-columns-is-layout-2 wp-block-columns-is-layout-flex\">\n<div class=\"wp-block-column is-layout-flow wp-block-column-is-layout-flow\" style=\"flex-basis:100%\">\n<hr class=\"wp-block-separator has-css-opacity\"\/>\n<\/div>\n<\/div>\n\n\n\n<div class=\"wp-block-columns is-layout-flex wp-container-core-columns-is-layout-3 wp-block-columns-is-layout-flex\">\n<div class=\"wp-block-column is-layout-flow wp-block-column-is-layout-flow\">\n<h2 class=\"wp-block-heading\">Sucursal Ventanas<\/h2>\n\n\n\n<p><strong>Direcci\u00f3n:<\/strong> Los Rios &#8211; Ventanas. Via Quevedo y Jos\u00e9 Joaquin de Olmedo (diagonal a la Policia Nacional)<\/p>\n\n\n\n<p><strong>Tel\u00e9fonos:<\/strong> 052972938 \/ <a href=\"https:\/\/api.whatsapp.com\/send?phone=593999618898&amp;text=Hola%20Promacons%20-%20Ventanas%20necesito%E2%80%A6\"><strong>0<\/strong><\/a><a href=\"https:\/\/api.whatsapp.com\/send?phone=593999618898&amp;text=Hola%20Promacons%20-%20Ventanas%20necesito%E2%80%A6\" target=\"_blank\" rel=\"noreferrer noopener\"><strong>999618898<\/strong><\/a><\/p>\n\n\n\n<iframe src=\"https:\/\/www.google.com\/maps\/embed?pb=!1m18!1m12!1m3!1d997.1412302797223!2d-79.4621648825705!3d-1.436207370102817!2m3!1f0!2f0!3f0!3m2!1i1024!2i768!4f13.1!3m3!1m2!1s0x902cb5adc4dd6f3b%3A0x2c3d7b964765e8fd!2sPROMACONS!5e0!3m2!1ses!2sec!4v1689086307129!5m2!1ses!2sec\" width= 100% height=\"200\" style=\"border:0;\" allowfullscreen=\"\" loading=\"lazy\" referrerpolicy=\"no-referrer-when-downgrade\"><\/iframe>\n<\/div>\n\n\n\n<div class=\"wp-block-column is-layout-flow wp-block-column-is-layout-flow\">\n<h2 class=\"wp-block-heading\"><\/h2>\n\n\n\n<figure class=\"wp-block-image size-full\"><img loading=\"lazy\" decoding=\"async\" width=\"1000\" height=\"667\" src=\"https:\/\/www.promacons.com\/wp-content\/uploads\/2023\/07\/VENTANAS-edited-2.jpg\" alt=\"\" class=\"wp-image-10178\" srcset=\"https:\/\/www.promacons.com\/wp-content\/uploads\/2023\/07\/VENTANAS-edited-2.jpg 1000w, https:\/\/www.promacons.com\/wp-content\/uploads\/2023\/07\/VENTANAS-edited-2-300x200.jpg 300w, https:\/\/www.promacons.com\/wp-content\/uploads\/2023\/07\/VENTANAS-edited-2-768x512.jpg 768w, https:\/\/www.promacons.com\/wp-content\/uploads\/2023\/07\/VENTANAS-edited-2-600x400.jpg 600w\" sizes=\"auto, (max-width: 1000px) 100vw, 1000px\" \/><\/figure>\n<\/div>\n<\/div>\n\n\n\n<hr class=\"wp-block-separator has-css-opacity\"\/>\n\n\n\n<div class=\"wp-block-columns is-layout-flex wp-container-core-columns-is-layout-4 wp-block-columns-is-layout-flex\">\n<div class=\"wp-block-column is-layout-flow wp-block-column-is-layout-flow\">\n<h2 class=\"wp-block-heading\">Sucursal Santa Isabel<\/h2>\n\n\n\n<p><strong>Direcci\u00f3n:<\/strong> Pichincha &#8211; Quito, Av. Huancavilca y Azuay S\/N (Via antigua Conocoto &#8211; Amagua\u00f1a)<\/p>\n\n\n\n<p><strong>Tel\u00e9fonos:<\/strong> 023804667 \/ <a rel=\"noreferrer noopener\" href=\"https:\/\/api.whatsapp.com\/send?phone=593984275110&amp;text=Hola%20Promacons%20-%20Santa-Isabel%20necesito%E2%80%A6\" target=\"_blank\"><strong>0984275110<\/strong><\/a><\/p>\n\n\n\n<iframe src=\"https:\/\/www.google.com\/maps\/embed?pb=!1m18!1m12!1m3!1d498.7184906274856!2d-78.48356031829071!3d-0.3403561579094381!2m3!1f0!2f0!3f0!3m2!1i1024!2i768!4f13.1!3m3!1m2!1s0x91d5a331ce6f2843%3A0xa78e03cb12046165!2sPromacons!5e0!3m2!1ses!2sec!4v1689086804469!5m2!1ses!2sec\" width=100% height=\"350\"style=\"border:0;\" allowfullscreen=\"\" loading=\"lazy\" referrerpolicy=\"no-referrer-when-downgrade\"><\/iframe>\n<\/div>\n\n\n\n<div class=\"wp-block-column is-layout-flow wp-block-column-is-layout-flow\">\n<figure class=\"wp-block-image size-full\"><img loading=\"lazy\" decoding=\"async\" width=\"1000\" height=\"1000\" src=\"https:\/\/www.promacons.com\/wp-content\/uploads\/2020\/04\/SANGOLQUI.jpg\" alt=\"\" class=\"wp-image-121\" srcset=\"https:\/\/www.promacons.com\/wp-content\/uploads\/2020\/04\/SANGOLQUI.jpg 1000w, https:\/\/www.promacons.com\/wp-content\/uploads\/2020\/04\/SANGOLQUI-300x300.jpg 300w, https:\/\/www.promacons.com\/wp-content\/uploads\/2020\/04\/SANGOLQUI-150x150.jpg 150w, https:\/\/www.promacons.com\/wp-content\/uploads\/2020\/04\/SANGOLQUI-768x768.jpg 768w, https:\/\/www.promacons.com\/wp-content\/uploads\/2020\/04\/SANGOLQUI-600x600.jpg 600w, https:\/\/www.promacons.com\/wp-content\/uploads\/2020\/04\/SANGOLQUI-100x100.jpg 100w\" sizes=\"auto, (max-width: 1000px) 100vw, 1000px\" \/><\/figure>\n<\/div>\n<\/div>\n\n\n\n<hr class=\"wp-block-separator has-css-opacity\"\/>\n\n\n\n<div class=\"wp-block-columns is-layout-flex wp-container-core-columns-is-layout-5 wp-block-columns-is-layout-flex\">\n<div class=\"wp-block-column is-layout-flow wp-block-column-is-layout-flow\">\n<h2 class=\"wp-block-heading\">Sucursal Quinsaloma<\/h2>\n\n\n\n<p><strong>Direcci\u00f3n:<\/strong> Los Rios &#8211; Quinsaloma, Av. Miguel Infante y S\/N (junto a banariego)<\/p>\n\n\n\n<p><strong>Tel\u00e9fonos:<\/strong> <strong><a href=\"https:\/\/api.whatsapp.com\/send?phone=593982400204&amp;text=Hola%20Promacons%20-%20Quinsaloma%20necesito%E2%80%A6\" target=\"_blank\" rel=\"noreferrer noopener\">0982400204<\/a><\/strong><\/p>\n\n\n\n<iframe src=\"https:\/\/www.google.com\/maps\/embed?pb=!1m18!1m12!1m3!1d249.30816814378701!2d-79.31698373577835!3d-1.2086070368459518!2m3!1f0!2f0!3f0!3m2!1i1024!2i768!4f13.1!3m3!1m2!1s0x91d355a80e7a8cd9%3A0x7ba49fcf199e2bb3!2sBanariego%20Quinsaloma!5e0!3m2!1ses!2sec!4v1689087999383!5m2!1ses!2sec\" width=100% height=\"200\" style=\"border:0;\" allowfullscreen=\"\" loading=\"lazy\" referrerpolicy=\"no-referrer-when-downgrade\"><\/iframe>\n<\/div>\n\n\n\n<div class=\"wp-block-column is-layout-flow wp-block-column-is-layout-flow\">\n<figure class=\"wp-block-image size-large\"><img loading=\"lazy\" decoding=\"async\" width=\"1024\" height=\"684\" src=\"https:\/\/www.promacons.com\/wp-content\/uploads\/2023\/06\/277004780_299646955607926_5611441007921215636_n-1024x684.jpg\" alt=\"\" class=\"wp-image-10151\" srcset=\"https:\/\/www.promacons.com\/wp-content\/uploads\/2023\/06\/277004780_299646955607926_5611441007921215636_n-1024x684.jpg 1024w, https:\/\/www.promacons.com\/wp-content\/uploads\/2023\/06\/277004780_299646955607926_5611441007921215636_n-300x200.jpg 300w, https:\/\/www.promacons.com\/wp-content\/uploads\/2023\/06\/277004780_299646955607926_5611441007921215636_n-768x513.jpg 768w, https:\/\/www.promacons.com\/wp-content\/uploads\/2023\/06\/277004780_299646955607926_5611441007921215636_n-1536x1025.jpg 1536w, https:\/\/www.promacons.com\/wp-content\/uploads\/2023\/06\/277004780_299646955607926_5611441007921215636_n-600x400.jpg 600w, https:\/\/www.promacons.com\/wp-content\/uploads\/2023\/06\/277004780_299646955607926_5611441007921215636_n.jpg 2048w\" sizes=\"auto, (max-width: 1024px) 100vw, 1024px\" \/><\/figure>\n<\/div>\n<\/div>\n\n\n\n<hr class=\"wp-block-separator has-alpha-channel-opacity\"\/>\n\n\n\n<div class=\"wp-block-columns is-layout-flex wp-container-core-columns-is-layout-6 wp-block-columns-is-layout-flex\">\n<div class=\"wp-block-column is-layout-flow wp-block-column-is-layout-flow\">\n<h2 class=\"wp-block-heading\">Sucursal Montalvo<\/h2>\n\n\n\n<p><strong>Direcci\u00f3n:<\/strong> Los Rios &#8211; Montalvo, Via guaranda &#8211; Babahoyo.<\/p>\n\n\n\n<p><strong>Telefono: <a href=\"https:\/\/api.whatsapp.com\/send?phone=593998441277&amp;text=Hola%20Promacons%20-%20Motalvo%20necesito%E2%80%A6\" target=\"_blank\" rel=\"noreferrer noopener\">0998441277<\/a><\/strong><\/p>\n\n\n\n<iframe src=\"https:\/\/www.google.com\/maps\/embed?pb=!1m18!1m12!1m3!1d996.9696432691696!2d-79.29480391200015!3d-1.7866983700670662!2m3!1f0!2f0!3f0!3m2!1i1024!2i768!4f13.1!3m3!1m2!1s0x91d32b2a5ff527f3%3A0x81b4f2826fbe9445!2sPROMACONS%20MONTALVO!5e0!3m2!1ses!2sec!4v1689088902922!5m2!1ses!2sec\" width=100% height=\"200\" style=\"border:0;\" allowfullscreen=\"\" loading=\"lazy\" referrerpolicy=\"no-referrer-when-downgrade\"><\/iframe>\n<\/div>\n\n\n\n<div class=\"wp-block-column is-layout-flow wp-block-column-is-layout-flow\">\n<figure class=\"wp-block-image size-large\"><img loading=\"lazy\" decoding=\"async\" width=\"1200\" height=\"800\" src=\"https:\/\/www.promacons.com\/wp-content\/uploads\/2023\/07\/WhatsApp-Image-2023-06-22-at-13.03.38-edited.jpeg\" alt=\"\" class=\"wp-image-10191\" srcset=\"https:\/\/www.promacons.com\/wp-content\/uploads\/2023\/07\/WhatsApp-Image-2023-06-22-at-13.03.38-edited.jpeg 1200w, https:\/\/www.promacons.com\/wp-content\/uploads\/2023\/07\/WhatsApp-Image-2023-06-22-at-13.03.38-edited-300x200.jpeg 300w, https:\/\/www.promacons.com\/wp-content\/uploads\/2023\/07\/WhatsApp-Image-2023-06-22-at-13.03.38-edited-1024x683.jpeg 1024w, https:\/\/www.promacons.com\/wp-content\/uploads\/2023\/07\/WhatsApp-Image-2023-06-22-at-13.03.38-edited-768x512.jpeg 768w, https:\/\/www.promacons.com\/wp-content\/uploads\/2023\/07\/WhatsApp-Image-2023-06-22-at-13.03.38-edited-600x400.jpeg 600w\" sizes=\"auto, (max-width: 1200px) 100vw, 1200px\" \/><\/figure>\n<\/div>\n<\/div>\n","protected":false},"excerpt":{"rendered":"<p>Matriz Sangolqu\u00ed Direcci\u00f3n: Av. Atahualpa y Av. Shyris (Junto al Hospital del IESS SANGOLQUI) Tel\u00e9fonos: 022332319 \/ 0990655882 Sucursal Ventanas Direcci\u00f3n: Los Rios &#8211; Ventanas. Via Quevedo y Jos\u00e9 Joaquin de Olmedo (diagonal a la Policia Nacional) Tel\u00e9fonos: 052972938 \/ 0999618898 Sucursal Santa Isabel Direcci\u00f3n: Pichincha &#8211; Quito, Av. Huancavilca y Azuay S\/N (Via antigua [&hellip;]<\/p>\n","protected":false},"author":1,"featured_media":0,"parent":0,"menu_order":0,"comment_status":"closed","ping_status":"closed","template":"","meta":{"footnotes":""},"class_list":["post-58","page","type-page","status-publish","hentry"],"_links":{"self":[{"href":"https:\/\/www.promacons.com\/index.php\/wp-json\/wp\/v2\/pages\/58","targetHints":{"allow":["GET"]}}],"collection":[{"href":"https:\/\/www.promacons.com\/index.php\/wp-json\/wp\/v2\/pages"}],"about":[{"href":"https:\/\/www.promacons.com\/index.php\/wp-json\/wp\/v2\/types\/page"}],"author":[{"embeddable":true,"href":"https:\/\/www.promacons.com\/index.php\/wp-json\/wp\/v2\/users\/1"}],"replies":[{"embeddable":true,"href":"https:\/\/www.promacons.com\/index.php\/wp-json\/wp\/v2\/comments?post=58"}],"version-history":[{"count":42,"href":"https:\/\/www.promacons.com\/index.php\/wp-json\/wp\/v2\/pages\/58\/revisions"}],"predecessor-version":[{"id":10192,"href":"https:\/\/www.promacons.com\/index.php\/wp-json\/wp\/v2\/pages\/58\/revisions\/10192"}],"wp:attachment":[{"href":"https:\/\/www.promacons.com\/index.php\/wp-json\/wp\/v2\/media?parent=58"}],"curies":[{"name":"wp","href":"https:\/\/api.w.org\/{rel}","templated":true}]}}